{"id":388,"date":"2017-02-28T20:44:49","date_gmt":"2017-02-28T19:44:49","guid":{"rendered":"http:\/\/softdata.home.pl\/softdata\/?page_id=388"},"modified":"2017-03-14T13:05:14","modified_gmt":"2017-03-14T12:05:14","slug":"commvault-simpana","status":"publish","type":"page","link":"http:\/\/softdata.pl\/index.php\/commvault-simpana\/","title":{"rendered":"Commvault Simpana"},"content":{"rendered":"<div id=\"pl-388\"  class=\"panel-layout\" ><div id=\"pg-388-0\"  class=\"panel-grid panel-has-style\" ><div style=\"padding: 20px 0; \" class=\"panel-row-style panel-row-style-for-388-0\" ><div id=\"pgc-388-0-0\"  class=\"panel-grid-cell panel-grid-cell-empty\" ><\/div><\/div><\/div><div id=\"pg-388-1\"  class=\"panel-grid panel-has-style\" ><div style=\"padding: 100px 0; \" class=\"panel-row-style panel-row-style-for-388-1\" ><div id=\"pgc-388-1-0\"  class=\"panel-grid-cell\" ><div id=\"panel-388-1-0-0\" class=\"so-panel widget widget_sow-editor panel-first-child panel-last-child\" data-index=\"0\" ><div\n\t\t\t\n\t\t\tclass=\"so-widget-sow-editor so-widget-sow-editor-base\"\n\t\t\t\n\t\t><h3 class=\"widget-title\">Commvault Simpana<\/h3>\n<div class=\"siteorigin-widget-tinymce textwidget\">\n\t<p><img decoding=\"async\" loading=\"lazy\" src=\"http:\/\/softdata.home.pl\/softdata\/wp-content\/uploads\/2017\/02\/simpana-1.png\" alt=\"\" width=\"1095\" height=\"335\" class=\"aligncenter size-full wp-image-390\" srcset=\"http:\/\/softdata.home.pl\/softdata\/wp-content\/uploads\/2017\/02\/simpana-1.png 1095w, http:\/\/softdata.home.pl\/softdata\/wp-content\/uploads\/2017\/02\/simpana-1-300x92.png 300w, http:\/\/softdata.home.pl\/softdata\/wp-content\/uploads\/2017\/02\/simpana-1-768x235.png 768w, http:\/\/softdata.home.pl\/softdata\/wp-content\/uploads\/2017\/02\/simpana-1-1024x313.png 1024w, http:\/\/softdata.home.pl\/softdata\/wp-content\/uploads\/2017\/02\/simpana-1-480x147.png 480w, http:\/\/softdata.home.pl\/softdata\/wp-content\/uploads\/2017\/02\/simpana-1-410x125.png 410w, http:\/\/softdata.home.pl\/softdata\/wp-content\/uploads\/2017\/02\/simpana-1-100x31.png 100w, http:\/\/softdata.home.pl\/softdata\/wp-content\/uploads\/2017\/02\/simpana-1-275x84.png 275w\" sizes=\"(max-width: 1095px) 100vw, 1095px\" \/><\/p>\n<p>Commvault Simpana 10<\/p>\n<p>Dane s\u0105 wa\u017cne. W czasach, kiedy wiele \u015bwiatowych przedsi\u0119biorstw jest zmuszonych mierzy\u0107 si\u0119 z ci\u0105g\u0142ym przyrostem zr\u00f3\u017cnicowanych zasob\u00f3w, niekt\u00f3re organizacje dostrzegaj\u0105 w tym fakcie du\u017c\u0105 szans\u0119. Z oprogramowaniem Simpana mo\u017cna w prosty spos\u00f3b zarz\u0105dza\u0107 i chroni\u0107 zr\u00f3\u017cnicowane \u015brodowisko fizyczne i wirtualne, aplikacje, zasoby plikowe, infrastruktur\u0119 w chmurze, oraz urz\u0105dzenia mobilne. Simpana zosta\u0142a zaprojektowana od podstaw, tak wi\u0119c wszystkie funkcje wsp\u00f3\u0142dziel\u0105 jeden kod i zastosowane innowacyjne technologie. Z jednego poziomu mo\u017cna przegl\u0105da\u0107, zarz\u0105dza\u0107 i korzysta\u0107 z wszystkich funkcji i ca\u0142o\u015bci danych w przedsi\u0119biorstwie. Konsola oprogramowania jest prosta w obs\u0142udze, a przy tym zapewnia rozbudowane mo\u017cliwo\u015bci zarz\u0105dzania, co za tym idzie wymaga mniejszych nak\u0142ad\u00f3w czasu, pracy i funduszy. Dzi\u0119ki kopiom bezpiecze\u0144stwa, archiwizacji i raportowaniu wbudowanemu w jedn\u0105 platform\u0119, funkcja Simpana OnePass\u2122 indywidualnie wykonuje te operacje z poziomu pojedynczego zbioru danych. Dodatkowo, dzi\u0119ki wbudowanej deduplikacji opartej na \u017ar\u00f3dle, oprogramowanie Simpana gwarantuje, \u017ce tylko unikalne bloki danych s\u0105 przesy\u0142ane przez sie\u0107 i sk\u0142adowane w repozytorium.<\/p>\n<p><img decoding=\"async\" loading=\"lazy\" src=\"http:\/\/softdata.home.pl\/softdata\/wp-content\/uploads\/2017\/02\/simpana-2.png\" alt=\"\" width=\"453\" height=\"594\" class=\"aligncenter size-full wp-image-391\" srcset=\"http:\/\/softdata.home.pl\/softdata\/wp-content\/uploads\/2017\/02\/simpana-2.png 453w, http:\/\/softdata.home.pl\/softdata\/wp-content\/uploads\/2017\/02\/simpana-2-229x300.png 229w, http:\/\/softdata.home.pl\/softdata\/wp-content\/uploads\/2017\/02\/simpana-2-410x538.png 410w, http:\/\/softdata.home.pl\/softdata\/wp-content\/uploads\/2017\/02\/simpana-2-100x131.png 100w, http:\/\/softdata.home.pl\/softdata\/wp-content\/uploads\/2017\/02\/simpana-2-275x361.png 275w\" sizes=\"(max-width: 453px) 100vw, 453px\" \/><\/p>\n<p>Aby wdro\u017cy\u0107 i czerpa\u0107 korzy\u015bci z nowoczesnego podej\u015bcia do ochrony danych, potrzebna jest g\u0142\u0119boka integracja z aplikacjami i \u015brodowiskiem wirtualizacyjnym, po\u0142\u0105czona z mo\u017cliwo\u015bci\u0105 zarz\u0105dzania kopiami migawkowymi w heterogenicznym \u015brodowisku macierzy dyskowych, dla szybkiego i sp\u00f3jnego odtworzenia. \u015arodowisko jest przygotowane na maksymalizacj\u0119 efektywno\u015bci za spraw\u0105 deduplikacji, automatyzacji, uproszczeniu proces\u00f3w, warstwowaniu danych i replikacji na dowolny zas\u00f3b czy do dowolnej lokalizacji. Rozwi\u0105zanie powinno by\u0107 elastyczne i bezpieczne oraz powinno dostarcza\u0107 intuicyjne i zintegrowane narz\u0119dzia raportowania, kt\u00f3re pozwol\u0105 na ci\u0105g\u0142e podnoszenie jako\u015bci. Wszystkie dane, kt\u00f3re s\u0105 chronione powinny by\u0107 warto\u015bci\u0105 systemu, a nie jego ograniczeniem, zapewniaj\u0105c bezpieczny i samodzielny dost\u0119p dla nowych u\u017cytkownik\u00f3w poprzez pojedynczy indeks wyszukiwania.<\/p>\n<p>Podstawowe obszary aktywno\u015bci oprogramowania to:<\/p>\n<p><strong>Ochrona danych<\/strong>:<br \/>\n\u2022 ochrona i archiwizacja danych redukuj\u0105ca czas, ryzyko i koszty;<br \/>\n\u2022 generowanie konsystentnych kopii migawkowych;<br \/>\n\u2022 przyspieszona wirtualizacja;<br \/>\n\u2022 po\u0142\u0105czenie operacji kopiowania i archiwizacji;<br \/>\n\u2022 uproszczony proces odtworzenia po awarii.<\/p>\n<p><strong>Zarz\u0105dzanie<\/strong>:<br \/>\n\u2022 skuteczne zarz\u0105dzanie zaawansowanymi procesami i wsp\u00f3\u0142dzielonymi us\u0142ugami;<br \/>\n\u2022 gotowo\u015b\u0107 na wyzwania przysz\u0142o\u015bci;<br \/>\n\u2022 wysoka skalowalno\u015b\u0107 i wytrzyma\u0142o\u015b\u0107;<br \/>\n\u2022 dopasowanie do indywidualnych potrzeb.<\/p>\n<p><strong>Dost\u0119pno\u015b\u0107<\/strong>:<br \/>\n\u2022 indywidualny spos\u00f3b wyszukiwania, dost\u0119pu i analizy informacji;<br \/>\n\u2022 kompleksowy widok ca\u0142o\u015bci zabezpieczonych danych;<br \/>\n\u2022 szybsze odszukiwanie;<br \/>\n\u2022 dost\u0119pno\u015b\u0107 z dowolnego miejsca.<\/p>\n<p><a href=\"http:\/\/www.commvault.com\/commvault-next-generation\" target=\"_blank\">Wi\u0119cej informacji o Commvault Simpana<\/a><\/p>\n<\/div>\n<\/div><\/div><\/div><\/div><\/div><div id=\"pg-388-2\"  class=\"panel-grid panel-has-style\" ><div style=\"padding: 20px 0; \" class=\"panel-row-style panel-row-style-for-388-2\" ><div id=\"pgc-388-2-0\"  class=\"panel-grid-cell panel-grid-cell-empty\" ><\/div><\/div><\/div><\/div>","protected":false},"excerpt":{"rendered":"<p>Commvault Simpana 10 Dane s\u0105 wa\u017cne. W czasach, kiedy wiele \u015bwiatowych przedsi\u0119biorstw jest zmuszonych mierzy\u0107 si\u0119 z ci\u0105g\u0142ym przyrostem zr\u00f3\u017cnicowanych zasob\u00f3w, niekt\u00f3re organizacje dostrzegaj\u0105 w tym fakcie du\u017c\u0105 szans\u0119. Z oprogramowaniem Simpana mo\u017cna w prosty spos\u00f3b zarz\u0105dza\u0107 i chroni\u0107 zr\u00f3\u017cnicowane \u015brodowisko fizyczne i wirtualne, aplikacje, zasoby plikowe, infrastruktur\u0119 w chmurze, oraz urz\u0105dzenia mobilne. Simpana zosta\u0142a [&hellip;]<\/p>\n","protected":false},"author":1,"featured_media":0,"parent":0,"menu_order":0,"comment_status":"closed","ping_status":"closed","template":"page-templates\/page_front-page.php","meta":[],"_links":{"self":[{"href":"http:\/\/softdata.pl\/index.php\/wp-json\/wp\/v2\/pages\/388"}],"collection":[{"href":"http:\/\/softdata.pl\/index.php\/wp-json\/wp\/v2\/pages"}],"about":[{"href":"http:\/\/softdata.pl\/index.php\/wp-json\/wp\/v2\/types\/page"}],"author":[{"embeddable":true,"href":"http:\/\/softdata.pl\/index.php\/wp-json\/wp\/v2\/users\/1"}],"replies":[{"embeddable":true,"href":"http:\/\/softdata.pl\/index.php\/wp-json\/wp\/v2\/comments?post=388"}],"version-history":[{"count":3,"href":"http:\/\/softdata.pl\/index.php\/wp-json\/wp\/v2\/pages\/388\/revisions"}],"predecessor-version":[{"id":486,"href":"http:\/\/softdata.pl\/index.php\/wp-json\/wp\/v2\/pages\/388\/revisions\/486"}],"wp:attachment":[{"href":"http:\/\/softdata.pl\/index.php\/wp-json\/wp\/v2\/media?parent=388"}],"curies":[{"name":"wp","href":"https:\/\/api.w.org\/{rel}","templated":true}]}}